{"id":150,"date":"2022-07-31T13:04:37","date_gmt":"2022-07-31T13:04:37","guid":{"rendered":"https:\/\/jaysvantasy.de\/?page_id=150"},"modified":"2022-09-06T06:37:11","modified_gmt":"2022-09-06T06:37:11","slug":"copywriting","status":"publish","type":"page","link":"https:\/\/jaysvantasy.de\/?page_id=150","title":{"rendered":"Copywriting"},"content":{"rendered":"\n<h2 class=\"has-text-align-center has-black-color has-text-color has-medium-font-size wp-block-heading\">Ich schreibe f\u00fcr Dein Business \u00fcberzeugungsstarke Verkaufsseiten und Social-Media Beitr\u00e4ge<\/h2>\n\n\n\n<p><\/p>\n\n\n\n<div class=\"wp-block-buttons is-content-justification-center is-layout-flex wp-container-core-buttons-is-layout-a89b3969 wp-block-buttons-is-layout-flex\">\n<div class=\"wp-block-button aligncenter has-custom-width wp-block-button__width-50 has-custom-font-size is-style-fill has-medium-font-size\"><a class=\"wp-block-button__link has-black-color has-pale-ocean-gradient-background has-text-color has-background\" href=\"https:\/\/jaysvantasy.de\/?page_id=72\" style=\"border-radius:100px\"><strong>Ja, ich will verkaufsstarke Texte<\/strong><\/a><\/div>\n<\/div>\n\n\n\n<div class=\"wp-block-columns is-layout-flex wp-container-core-columns-is-layout-28f84493 wp-block-columns-is-layout-flex\">\n<div class=\"wp-block-column is-layout-flow wp-block-column-is-layout-flow\" style=\"flex-basis:100%\">\n<figure class=\"wp-block-table is-style-regular has-small-font-size\"><table class=\"has-black-color has-white-background-color has-text-color has-background has-fixed-layout\"><tbody><tr><td class=\"has-text-align-center\" data-align=\"center\"><\/td><td class=\"has-text-align-center\" data-align=\"center\"><\/td><td class=\"has-text-align-center\" data-align=\"center\"><\/td><\/tr><tr><td class=\"has-text-align-center\" data-align=\"center\"><strong>ERHALTE MEHR GEWINN AUS DEINEM UMSATZ<\/strong><br><\/td><td class=\"has-text-align-center\" data-align=\"center\"><strong>GEWINNE MEHR FREIE ZEIT UND SETZE DEN FOKUS F\u00dcR DIE WICHTIGEN DINGE IN DEINEM BUSINESS<\/strong><\/td><td class=\"has-text-align-center\" data-align=\"center\"><strong>BEHALTE 100% AUTHENTIZIT\u00c4T + VERST\u00c4RKE DIE VERBINDUNG MIT DEINER ZIELGRUPPE<\/strong><br><\/td><\/tr><\/tbody><\/table><\/figure>\n\n\n\n<figure class=\"wp-block-table has-small-font-size\"><table class=\"has-black-color has-white-background-color has-text-color has-background has-fixed-layout\"><tbody><tr><td class=\"has-text-align-center\" data-align=\"center\"><\/td><td class=\"has-text-align-center\" data-align=\"center\"><\/td><td class=\"has-text-align-center\" data-align=\"center\"><\/td><\/tr><tr><td class=\"has-text-align-center\" data-align=\"center\">DURCH STARKE ONLINE-VERKAUFSPSYCHOLOGIE, DIE DEINE CONVERSION-RATE IM ONLINE-MARKETING MESSBAR DEUTLICH ERH\u00d6HT<br><\/td><td class=\"has-text-align-center\" data-align=\"center\">INDEM DU S\u00c4MTLICHE TEXT-ARBEITEN ZU 100% ZUVERL\u00c4SSIG AN MICH ABGEBEN KANNST<br><\/td><td class=\"has-text-align-center\" data-align=\"center\">INDEM ICH IMMER NUR MAXIMAL 3 KUNDEN ZEITGLEICH BETREUE, KANN ICH ZU 100% MIT DEINER AUTHENTISCHEN STIMME F\u00dcR DICH SCHREIBEN<br><\/td><\/tr><\/tbody><\/table><\/figure>\n<\/div>\n<\/div>\n\n\n\n<div class=\"wp-block-buttons is-layout-flex wp-block-buttons-is-layout-flex\"><\/div>\n\n\n\n<div class=\"wp-block-buttons alignfull is-content-justification-center is-layout-flex wp-container-core-buttons-is-layout-a89b3969 wp-block-buttons-is-layout-flex\">\n<div class=\"wp-block-button has-custom-font-size has-medium-font-size\"><a class=\"wp-block-button__link has-black-color has-text-color has-background\" href=\"https:\/\/jaysvantasy.de\/?page_id=72\" style=\"background:linear-gradient(90deg,rgb(255,245,203) 0%,rgb(182,227,212) 50%,rgb(51,167,181) 100%)\"><strong>Klicke jetzt hier, um zu erfahren, ob Dein Business f\u00fcr eine Kooperation geeignet ist<\/strong><\/a><\/div>\n<\/div>\n\n\n\n<p><\/p>\n\n\n\n<p><\/p>\n\n\n\n<h2 class=\"has-text-align-center has-medium-font-size wp-block-heading\"><strong>Das am meisten untersch\u00e4tzte Element im Online-Marketing und wie Du es zu Deinem entscheidenden Vorteil machst<\/strong><\/h2>\n\n\n\n<p><\/p>\n\n\n\n<p class=\"has-text-align-center\">In jedem erfolgreichen Offline-Gesch\u00e4ft ist l\u00e4ngst klar:<\/p>\n\n\n\n<p class=\"has-text-align-center\">Je besser das Vertriebs- \/ Verkaufsteam, desto besser l\u00e4uft das Unternehmen.<\/p>\n\n\n\n<p><\/p>\n\n\n\n<p><\/p>\n\n\n\n<h2 class=\"has-text-align-center has-medium-font-size wp-block-heading\">Im Online-Marketing hast Du jedoch h\u00e4ufig keine Verk\u00e4ufer.<\/h2>\n\n\n\n<p class=\"has-text-align-center\">Daf\u00fcr hast Du Texte &#8211; in geschriebener und gesprochener Form.<\/p>\n\n\n\n<p><\/p>\n\n\n\n<p class=\"has-text-align-center\">Je mehr diese Texte Deine Zielgruppe begeistern, desto mehr Menschen kaufen Dein Angebot.<\/p>\n\n\n\n<p class=\"has-text-align-center\">Mein Name ist Jay und ich schreibe Dir genau diese Texte.<\/p>\n\n\n\n<p><\/p>\n\n\n\n<p class=\"has-text-align-center\">Denn:<\/p>\n\n\n\n<p class=\"has-text-align-left\">1. Du hast mit Deiner Expertise wichtigere Dinge zu tun, als am laufenden Band E-Mails, Blogs, Landingpages und Facebook-Beitr\u00e4ge zu schreiben. In dieser Zeit k\u00f6nntest Du schlie\u00dflich auch Geld verdienen. Und das machst Du durch meine Arbeit gleich doppelt. Da Du Deine Zeit produktiver nutzen kannst + eine Texterin an Bord hast, deren Arbeit nachweislich die Verkaufszahlen erh\u00f6ht.<\/p>\n\n\n\n<p><\/p>\n\n\n\n<p class=\"has-text-align-left\">2. Du bist als Experte nat\u00fcrlich genial darin, Deine Inhalte extrem \u00fcberzeugend r\u00fcberzubringen. Dennoch ist eine \u201eneutrale\u201c Sicht auf die Dinge oft sehr hilfreich, um Deine Zielgruppe genau dort zu unterst\u00fctzen, wo sie dich gerade braucht. Ich bin also Deine neutrale Instanz + Sparringpartner.<\/p>\n\n\n\n<p><\/p>\n\n\n\n<p><\/p>\n\n\n\n<p class=\"has-text-align-left\">3. Ich bilde mich regelm\u00e4\u00dfig im Online-Marketing und der Verkaufspsychologie in den besten Masterminds der Welt weiter, sodass ich Dir durch meine Arbeit auch in den kommenden Jahren eine langfristige Steigerung Deiner Verkaufszahlen garantieren kann.<\/p>\n\n\n\n<p><\/p>\n\n\n\n<p><\/p>\n\n\n\n<div class=\"wp-block-buttons alignfull is-content-justification-center is-layout-flex wp-container-core-buttons-is-layout-a89b3969 wp-block-buttons-is-layout-flex\">\n<div class=\"wp-block-button has-custom-width wp-block-button__width-75 has-custom-font-size has-medium-font-size\"><a class=\"wp-block-button__link has-black-color has-pale-ocean-gradient-background has-text-color has-background\"><strong>Ja, ich brauche einen Profi-Texter f\u00fcr mein Team an Bord!<\/strong><\/a><\/div>\n<\/div>\n\n\n\n<p><\/p>\n\n\n\n<div class=\"wp-block-group\"><div class=\"wp-block-group__inner-container is-layout-flow wp-block-group-is-layout-flow\">\n<p class=\"has-text-align-center has-black-color has-text-color has-medium-font-size\"><strong>Bereits zufriedene Kunden<\/strong><\/p>\n<\/div><\/div>\n\n\n\n<div class=\"wp-block-columns is-layout-flex wp-container-core-columns-is-layout-28f84493 wp-block-columns-is-layout-flex\">\n<div class=\"wp-block-column is-layout-flow wp-block-column-is-layout-flow\" style=\"flex-basis:100%\">\n<div class=\"wp-block-columns is-layout-flex wp-container-core-columns-is-layout-28f84493 wp-block-columns-is-layout-flex\">\n<div class=\"wp-block-column is-vertically-aligned-center is-layout-flow wp-block-column-is-layout-flow\"><div class=\"wp-block-image\">\n<figure class=\"aligncenter size-medium is-resized\"><img loading=\"lazy\" decoding=\"async\" src=\"https:\/\/jaysvantasy.de\/wp-content\/uploads\/2022\/09\/stefan-300x68.png\" alt=\"\" class=\"wp-image-292\" width=\"245\" height=\"56\" srcset=\"https:\/\/jaysvantasy.de\/wp-content\/uploads\/2022\/09\/stefan-300x68.png 300w, https:\/\/jaysvantasy.de\/wp-content\/uploads\/2022\/09\/stefan-460x107.png 460w, https:\/\/jaysvantasy.de\/wp-content\/uploads\/2022\/09\/stefan.png 471w\" sizes=\"auto, (max-width: 245px) 100vw, 245px\" \/><\/figure>\n<\/div><\/div>\n\n\n\n<div class=\"wp-block-column is-layout-flow wp-block-column-is-layout-flow\"><\/div>\n\n\n\n<div class=\"wp-block-column is-layout-flow wp-block-column-is-layout-flow\"><div class=\"wp-block-image\">\n<figure class=\"aligncenter size-medium is-resized\"><img loading=\"lazy\" decoding=\"async\" src=\"https:\/\/jaysvantasy.de\/wp-content\/uploads\/2022\/09\/Dominik-300x75.png\" alt=\"\" class=\"wp-image-297\" width=\"246\" height=\"62\" srcset=\"https:\/\/jaysvantasy.de\/wp-content\/uploads\/2022\/09\/Dominik-300x75.png 300w, https:\/\/jaysvantasy.de\/wp-content\/uploads\/2022\/09\/Dominik.png 450w\" sizes=\"auto, (max-width: 246px) 100vw, 246px\" \/><\/figure>\n<\/div><\/div>\n<\/div>\n<\/div>\n<\/div>\n\n\n\n<p class=\"has-text-align-center has-black-color has-text-color\"><strong>Wie l\u00e4uft die Zusammenarbeit ab?<\/strong><\/p>\n\n\n\n<p><\/p>\n\n\n\n<p class=\"has-text-align-center\">Da ich immer nur sehr wenige Kunden (maximal 3) gleichzeitig betreue, ist meine Arbeit mit Dir komplett individuell.<\/p>\n\n\n\n<p><\/p>\n\n\n\n<p class=\"has-text-align-left\">1. Klicke auf einen der Buttons auf dieser Website, um mit mir in Kontakt zu treten.<\/p>\n\n\n\n<p><\/p>\n\n\n\n<p class=\"has-text-align-left\">2. Sende mir eine kurze Mail und gern auch direkt die URL deiner Website, damit ich mir einen ersten \u00dcberblick verschaffen kann.<\/p>\n\n\n\n<p><\/p>\n\n\n\n<p>3. Ich werde mich umgehend mit dir in Verbindung setzen, um einen Termin f\u00fcr ein erstes Kennenlernen zu vereinbaren.<\/p>\n\n\n\n<p><\/p>\n\n\n\n<p class=\"has-text-align-left\">4. In deinem ersten<strong> kostenlosen + zu 100% unverbindlichen Telefongespr\u00e4ch<\/strong> finden wir dann heraus, wie ich Dich am besten unterst\u00fctzen kann.<\/p>\n\n\n\n<p><\/p>\n\n\n\n<p>Du wirst hier bereits erste Optimierungsvorschl\u00e4ge und neue Ideen f\u00fcr Dein Unternehmen erhalten. Selbst wenn wir am Ende nicht zusammenarbeiten sollten, kannst Du diese f\u00fcr Dein Business \u00fcbernehmen.<\/p>\n\n\n\n<p><\/p>\n\n\n\n<p>5. Am Ende unseres Telefongespr\u00e4chs erh\u00e4ltst Du von mir ein individuelles Angebot, wie eine m\u00f6gliche Zusammenarbeit aussehen kann.<\/p>\n\n\n\n<p><\/p>\n\n\n\n<p><\/p>\n\n\n\n<div class=\"wp-block-buttons alignwide is-content-justification-center is-layout-flex wp-container-core-buttons-is-layout-a89b3969 wp-block-buttons-is-layout-flex\">\n<div class=\"wp-block-button has-custom-width wp-block-button__width-50 has-custom-font-size has-medium-font-size\"><a class=\"wp-block-button__link has-black-color has-pale-ocean-gradient-background has-text-color has-background\" href=\"https:\/\/jaysvantasy.de\/?page_id=72\"><strong>Gelange HIER zum Kontaktformular<\/strong><\/a><\/div>\n<\/div>\n\n\n\n<p><\/p>\n\n\n\n<p class=\"has-text-align-center has-black-color has-text-color has-medium-font-size\"><strong>Wer ist Jays Vantasy?<\/strong><\/p>\n\n\n\n<p><\/p>\n\n\n\n<p class=\"has-text-align-center\">Heyho du lieber Mensch!<\/p>\n\n\n\n<p class=\"has-text-align-center\">Mein b\u00fcrgerliche Name ist Jannett Effinghausen, ich freue mich aber sehr, wenn Du mich Jay nennst.<\/p>\n\n\n\n<p><\/p>\n\n\n\n<p class=\"has-text-align-center\">Im Februar 2021 beschloss ich kurzerhand mein Leben zu ver\u00e4ndern.<\/p>\n\n\n\n<p class=\"has-text-align-center\">Raus aus alten Zw\u00e4ngen und Mustern, rein ins Abenteuer Leben, gepaart mit einer riesengro\u00dfen Portion Freiheitslust.<\/p>\n\n\n\n<p><\/p>\n\n\n\n<p class=\"has-text-align-center\">Zu Zeiten der Pandemie kein leichtes Unterfangen, so fiel die Wahl auf den Ausbau eines Transporters zum Campervan, um der neuen Version meiner selbst ein St\u00fcck n\u00e4herzukommen.<\/p>\n\n\n\n<p><\/p>\n\n\n\n<p class=\"has-text-align-center\">Nach 4 Monaten Ausbau ging es dann direkt on the road.<\/p>\n\n\n\n<p class=\"has-text-align-center\">Der Weg dort hin war nicht immer einfach, aber das Ziel absolut wert.<\/p>\n\n\n\n<p><\/p>\n\n\n\n<p class=\"has-text-align-center\">Nachdem ich den Winter 21\/22 in Frankreich, Spanien und Portugal verbrachte, entschloss ich mich weiter dazu, meine Wohnung, die zuvor noch als Backup diente, komplett aufzugeben.<\/p>\n\n\n\n<p><\/p>\n\n\n\n<p class=\"has-text-align-center\">Und damit nicht genug, auch der erste Van wurde verkauft und ein neues Projekt befindet sich am Start.<\/p>\n\n\n\n<p><\/p>\n\n\n\n<p><\/p>\n\n\n\n<p class=\"has-text-align-center\">Das Vanlife und die vielen Reisen, die ich bisher in meinem Leben machen durfte, inspirieren mich Tag f\u00fcr Tag aufs Neue.<\/p>\n\n\n\n<p class=\"has-text-align-center\">Meine Erfahrung vom Ausbau bieten eine fundamentale Voraussetzung zum Schreiben Deiner Texte, die von Vanlifern geh\u00f6rt werden wollen.&nbsp;<\/p>\n\n\n\n<p class=\"has-text-align-center\">Ich bin gut in der Szene vernetzt, was nicht nur mir, sondern auch dir und deinen ben\u00f6tigten Texten absolut zugutekommt.<\/p>\n\n\n\n<p> <\/p>\n\n\n\n<p> <\/p>\n\n\n\n<p> <\/p>\n\n\n\n<figure class=\"wp-block-table\"><table><tbody><tr><td><\/td><td><\/td><td><\/td><\/tr><\/tbody><\/table><\/figure>\n\n\n\n<div class=\"wp-block-group\"><div class=\"wp-block-group__inner-container is-layout-flow wp-block-group-is-layout-flow\">\n<figure class=\"wp-block-table\"><table class=\"has-black-color has-text-color has-background\" style=\"background:linear-gradient(135deg,rgb(202,248,128) 62%,rgb(113,206,126) 100%)\"><tbody><tr><td class=\"has-text-align-center\" data-align=\"center\"><\/td><td class=\"has-text-align-center\" data-align=\"center\"><strong>Bei diesen Formaten kann ich Dich unterst\u00fctzen:<\/strong><br><\/td><td class=\"has-text-align-center\" data-align=\"center\"><\/td><\/tr><tr><td class=\"has-text-align-center\" data-align=\"center\">Landingpage \/ Salespage<\/td><td class=\"has-text-align-center\" data-align=\"center\">Social-Media-Management<\/td><td class=\"has-text-align-center\" data-align=\"center\">Webseitenoptimierung<\/td><\/tr><tr><td class=\"has-text-align-center\" data-align=\"center\"><\/td><td class=\"has-text-align-center\" data-align=\"center\">Newsletter<\/td><td class=\"has-text-align-center\" data-align=\"center\"><\/td><\/tr><\/tbody><\/table><\/figure>\n<\/div><\/div>\n\n\n\n<p> <\/p>\n\n\n\n<p>  <\/p>\n\n\n\n<p> <\/p>\n\n\n\n<div class=\"wp-block-buttons is-content-justification-center is-layout-flex wp-container-core-buttons-is-layout-a89b3969 wp-block-buttons-is-layout-flex\">\n<div class=\"wp-block-button has-custom-width wp-block-button__width-75 has-custom-font-size has-medium-font-size\"><a class=\"wp-block-button__link has-black-color has-pale-ocean-gradient-background has-text-color has-background\" href=\"https:\/\/jaysvantasy.de\/?page_id=72\"><strong>Klicke jetzt hier, um zu erfahren, ob Dein Business f\u00fcr eine Kooperation geeignet ist!<\/strong><\/a><\/div>\n<\/div>\n\n\n\n<p><\/p>\n\n\n\n<ul class=\"wp-block-social-links aligncenter is-style-logos-only is-layout-flex wp-block-social-links-is-layout-flex\"><li class=\"wp-social-link wp-social-link-instagram  wp-block-social-link\"><a href=\"https:\/\/www.instagram.com\/jaysvantasy\/\" class=\"wp-block-social-link-anchor\"><svg width=\"24\" height=\"24\" viewBox=\"0 0 24 24\" version=\"1.1\" xmlns=\"http:\/\/www.w3.org\/2000\/svg\" aria-hidden=\"true\" focusable=\"false\"><path d=\"M12,4.622c2.403,0,2.688,0.009,3.637,0.052c0.877,0.04,1.354,0.187,1.671,0.31c0.42,0.163,0.72,0.358,1.035,0.673 c0.315,0.315,0.51,0.615,0.673,1.035c0.123,0.317,0.27,0.794,0.31,1.671c0.043,0.949,0.052,1.234,0.052,3.637 s-0.009,2.688-0.052,3.637c-0.04,0.877-0.187,1.354-0.31,1.671c-0.163,0.42-0.358,0.72-0.673,1.035 c-0.315,0.315-0.615,0.51-1.035,0.673c-0.317,0.123-0.794,0.27-1.671,0.31c-0.949,0.043-1.233,0.052-3.637,0.052 s-2.688-0.009-3.637-0.052c-0.877-0.04-1.354-0.187-1.671-0.31c-0.42-0.163-0.72-0.358-1.035-0.673 c-0.315-0.315-0.51-0.615-0.673-1.035c-0.123-0.317-0.27-0.794-0.31-1.671C4.631,14.688,4.622,14.403,4.622,12 s0.009-2.688,0.052-3.637c0.04-0.877,0.187-1.354,0.31-1.671c0.163-0.42,0.358-0.72,0.673-1.035 c0.315-0.315,0.615-0.51,1.035-0.673c0.317-0.123,0.794-0.27,1.671-0.31C9.312,4.631,9.597,4.622,12,4.622 M12,3 C9.556,3,9.249,3.01,8.289,3.054C7.331,3.098,6.677,3.25,6.105,3.472C5.513,3.702,5.011,4.01,4.511,4.511 c-0.5,0.5-0.808,1.002-1.038,1.594C3.25,6.677,3.098,7.331,3.054,8.289C3.01,9.249,3,9.556,3,12c0,2.444,0.01,2.751,0.054,3.711 c0.044,0.958,0.196,1.612,0.418,2.185c0.23,0.592,0.538,1.094,1.038,1.594c0.5,0.5,1.002,0.808,1.594,1.038 c0.572,0.222,1.227,0.375,2.185,0.418C9.249,20.99,9.556,21,12,21s2.751-0.01,3.711-0.054c0.958-0.044,1.612-0.196,2.185-0.418 c0.592-0.23,1.094-0.538,1.594-1.038c0.5-0.5,0.808-1.002,1.038-1.594c0.222-0.572,0.375-1.227,0.418-2.185 C20.99,14.751,21,14.444,21,12s-0.01-2.751-0.054-3.711c-0.044-0.958-0.196-1.612-0.418-2.185c-0.23-0.592-0.538-1.094-1.038-1.594 c-0.5-0.5-1.002-0.808-1.594-1.038c-0.572-0.222-1.227-0.375-2.185-0.418C14.751,3.01,14.444,3,12,3L12,3z M12,7.378 c-2.552,0-4.622,2.069-4.622,4.622S9.448,16.622,12,16.622s4.622-2.069,4.622-4.622S14.552,7.378,12,7.378z M12,15 c-1.657,0-3-1.343-3-3s1.343-3,3-3s3,1.343,3,3S13.657,15,12,15z M16.804,6.116c-0.596,0-1.08,0.484-1.08,1.08 s0.484,1.08,1.08,1.08c0.596,0,1.08-0.484,1.08-1.08S17.401,6.116,16.804,6.116z\"><\/path><\/svg><span class=\"wp-block-social-link-label screen-reader-text\">Instagram<\/span><\/a><\/li>\n\n<li class=\"wp-social-link wp-social-link-facebook  wp-block-social-link\"><a href=\"https:\/\/www.facebook.com\/jaysvantasy\/\" class=\"wp-block-social-link-anchor\"><svg width=\"24\" height=\"24\" viewBox=\"0 0 24 24\" version=\"1.1\" xmlns=\"http:\/\/www.w3.org\/2000\/svg\" aria-hidden=\"true\" focusable=\"false\"><path d=\"M12 2C6.5 2 2 6.5 2 12c0 5 3.7 9.1 8.4 9.9v-7H7.9V12h2.5V9.8c0-2.5 1.5-3.9 3.8-3.9 1.1 0 2.2.2 2.2.2v2.5h-1.3c-1.2 0-1.6.8-1.6 1.6V12h2.8l-.4 2.9h-2.3v7C18.3 21.1 22 17 22 12c0-5.5-4.5-10-10-10z\"><\/path><\/svg><span class=\"wp-block-social-link-label screen-reader-text\">Facebook<\/span><\/a><\/li><\/ul>\n","protected":false},"excerpt":{"rendered":"<p>Ich schreibe f\u00fcr Dein Business \u00fcberzeugungsstarke Verkaufsseiten und Social-Media Beitr\u00e4ge ERHALTE MEHR GEWINN AUS DEINEM UMSATZ GEWINNE MEHR FREIE ZEIT UND SETZE DEN FOKUS F\u00dcR DIE WICHTIGEN DINGE IN DEINEM BUSINESS BEHALTE 100% AUTHENTIZIT\u00c4T + VERST\u00c4RKE DIE VERBINDUNG MIT DEINER ZIELGRUPPE DURCH STARKE ONLINE-VERKAUFSPSYCHOLOGIE, DIE DEINE CONVERSION-RATE IM ONLINE-MARKETING MESSBAR [&hellip;]<\/p>\n","protected":false},"author":1,"featured_media":0,"parent":0,"menu_order":0,"comment_status":"closed","ping_status":"closed","template":"page-templates\/template-fullwidth.php","meta":{"_monsterinsights_skip_tracking":false,"_monsterinsights_sitenote_active":false,"_monsterinsights_sitenote_note":"","_monsterinsights_sitenote_category":0,"footnotes":""},"class_list":["post-150","page","type-page","status-publish","hentry"],"_links":{"self":[{"href":"https:\/\/jaysvantasy.de\/index.php?rest_route=\/wp\/v2\/pages\/150","targetHints":{"allow":["GET"]}}],"collection":[{"href":"https:\/\/jaysvantasy.de\/index.php?rest_route=\/wp\/v2\/pages"}],"about":[{"href":"https:\/\/jaysvantasy.de\/index.php?rest_route=\/wp\/v2\/types\/page"}],"author":[{"embeddable":true,"href":"https:\/\/jaysvantasy.de\/index.php?rest_route=\/wp\/v2\/users\/1"}],"replies":[{"embeddable":true,"href":"https:\/\/jaysvantasy.de\/index.php?rest_route=%2Fwp%2Fv2%2Fcomments&post=150"}],"version-history":[{"count":40,"href":"https:\/\/jaysvantasy.de\/index.php?rest_route=\/wp\/v2\/pages\/150\/revisions"}],"predecessor-version":[{"id":385,"href":"https:\/\/jaysvantasy.de\/index.php?rest_route=\/wp\/v2\/pages\/150\/revisions\/385"}],"wp:attachment":[{"href":"https:\/\/jaysvantasy.de\/index.php?rest_route=%2Fwp%2Fv2%2Fmedia&parent=150"}],"curies":[{"name":"wp","href":"https:\/\/api.w.org\/{rel}","templated":true}]}}