{"id":156,"date":"2022-07-31T13:12:45","date_gmt":"2022-07-31T13:12:45","guid":{"rendered":"https:\/\/jaysvantasy.de\/?page_id=156"},"modified":"2023-05-16T09:42:24","modified_gmt":"2023-05-16T09:42:24","slug":"home","status":"publish","type":"page","link":"https:\/\/jaysvantasy.de\/","title":{"rendered":"Home"},"content":{"rendered":"\n<h2 class=\"has-text-align-center wp-block-heading\" style=\"font-size:15px\">Moin und willkommen bei Jay&#8217;s Vantasy.<\/h2>\n\n\n\n<h2 class=\"has-text-align-center has-black-color has-white-background-color has-text-color has-background has-medium-font-size wp-block-heading\">Sch\u00f6n, dass Du mich &#8220;on the road&#8221; begleitest!<\/h2>\n\n\n\n<p class=\"has-text-align-center has-black-color has-white-background-color has-text-color has-background has-small-font-size\">Im September 2022 geht der Ausbau eines Kastenwagens in die zweite Runde.<\/p>\n\n\n\n<p class=\"has-text-align-center has-black-color has-white-background-color has-text-color has-background has-small-font-size\">Mit meinem VW Crafter &#8220;Ronja&#8221; habe ich in den letzten 16 Monaten das Leben auf den Stra\u00dfen von Europa bereits ordentlich  auskosten d\u00fcrfen.<\/p>\n\n\n\n<p class=\"has-text-align-center has-black-color has-white-background-color has-text-color has-background has-small-font-size\">Nach dem ersten Ausbau im Sommer 2021 ging es in die Schweiz, nach \u00d6sterreich und quer durch Deutschland.<\/p>\n\n\n\n<p class=\"has-text-align-center has-black-color has-white-background-color has-text-color has-background has-small-font-size\">Den Winter 21\/22 verbrachte ich dann in Frankreich, Spanien und Portugal, bis ich im April 2022 entschied, meine Wohnung, aufzul\u00f6sen und auch den Crafter auf eine neue Reise zu schicken.<\/p>\n\n\n\n<p class=\"has-text-align-center has-black-color has-white-background-color has-text-color has-background has-small-font-size\">Nach ein paar Wochen der buchst\u00e4blichen Obdachlosigkeit starte ich nun den zweiten Ausbau, einen Mercedes Sprinter 316.<\/p>\n\n\n\n<p class=\"has-text-align-center has-black-color has-white-background-color has-text-color has-background has-small-font-size\">Und nein, ich musste nicht unter einer Br\u00fccke schlafen \ud83d\ude09<\/p>\n\n\n\n<p class=\"has-text-align-center has-black-color has-white-background-color has-text-color has-background has-small-font-size\">Um mir mein unabh\u00e4ngiges Leben finanzieren zu k\u00f6nnen, arbeite ich als Angestellte in einem gro\u00dfen sozialen Unternehmen als Software Tante.<\/p>\n\n\n\n<p class=\"has-text-align-center has-black-color has-white-background-color has-text-color has-background has-small-font-size\">Nebenberuflich bin ich als selbstst\u00e4ndige Copywriterin t\u00e4tig.<\/p>\n\n\n\n<p class=\"has-text-align-center has-black-color has-white-background-color has-text-color has-background has-small-font-size\">Unabh\u00e4ngigkeit, Freiheit und die Freude am kreativen Schreiben sind meine Motivation und weiterer Antrieb.<\/p>\n\n\n\n<p class=\"has-text-align-center has-black-color has-white-background-color has-text-color has-background has-small-font-size\">F\u00fchl dich herzlich eingeladen, mich auf meinem weiteren Weg zu begleiten, Dir Inspiration zu holen oder mir gern mit Deinem Anliegen zu schreiben.<\/p>\n\n\n\n<h3 class=\"has-text-align-center has-black-color has-white-background-color has-text-color has-background wp-block-heading\" style=\"font-size:15px\">Herzliche Gr\u00fc\u00dfe und viel Spa\u00df, deine Jay!<\/h3>\n\n\n\n<ul class=\"wp-block-social-links aligncenter is-style-logos-only is-layout-flex wp-block-social-links-is-layout-flex\"><li class=\"wp-social-link wp-social-link-instagram  wp-block-social-link\"><a href=\"https:\/\/www.instagram.com\/jaysvantasy\/\" class=\"wp-block-social-link-anchor\"><svg width=\"24\" height=\"24\" viewBox=\"0 0 24 24\" version=\"1.1\" xmlns=\"http:\/\/www.w3.org\/2000\/svg\" aria-hidden=\"true\" focusable=\"false\"><path d=\"M12,4.622c2.403,0,2.688,0.009,3.637,0.052c0.877,0.04,1.354,0.187,1.671,0.31c0.42,0.163,0.72,0.358,1.035,0.673 c0.315,0.315,0.51,0.615,0.673,1.035c0.123,0.317,0.27,0.794,0.31,1.671c0.043,0.949,0.052,1.234,0.052,3.637 s-0.009,2.688-0.052,3.637c-0.04,0.877-0.187,1.354-0.31,1.671c-0.163,0.42-0.358,0.72-0.673,1.035 c-0.315,0.315-0.615,0.51-1.035,0.673c-0.317,0.123-0.794,0.27-1.671,0.31c-0.949,0.043-1.233,0.052-3.637,0.052 s-2.688-0.009-3.637-0.052c-0.877-0.04-1.354-0.187-1.671-0.31c-0.42-0.163-0.72-0.358-1.035-0.673 c-0.315-0.315-0.51-0.615-0.673-1.035c-0.123-0.317-0.27-0.794-0.31-1.671C4.631,14.688,4.622,14.403,4.622,12 s0.009-2.688,0.052-3.637c0.04-0.877,0.187-1.354,0.31-1.671c0.163-0.42,0.358-0.72,0.673-1.035 c0.315-0.315,0.615-0.51,1.035-0.673c0.317-0.123,0.794-0.27,1.671-0.31C9.312,4.631,9.597,4.622,12,4.622 M12,3 C9.556,3,9.249,3.01,8.289,3.054C7.331,3.098,6.677,3.25,6.105,3.472C5.513,3.702,5.011,4.01,4.511,4.511 c-0.5,0.5-0.808,1.002-1.038,1.594C3.25,6.677,3.098,7.331,3.054,8.289C3.01,9.249,3,9.556,3,12c0,2.444,0.01,2.751,0.054,3.711 c0.044,0.958,0.196,1.612,0.418,2.185c0.23,0.592,0.538,1.094,1.038,1.594c0.5,0.5,1.002,0.808,1.594,1.038 c0.572,0.222,1.227,0.375,2.185,0.418C9.249,20.99,9.556,21,12,21s2.751-0.01,3.711-0.054c0.958-0.044,1.612-0.196,2.185-0.418 c0.592-0.23,1.094-0.538,1.594-1.038c0.5-0.5,0.808-1.002,1.038-1.594c0.222-0.572,0.375-1.227,0.418-2.185 C20.99,14.751,21,14.444,21,12s-0.01-2.751-0.054-3.711c-0.044-0.958-0.196-1.612-0.418-2.185c-0.23-0.592-0.538-1.094-1.038-1.594 c-0.5-0.5-1.002-0.808-1.594-1.038c-0.572-0.222-1.227-0.375-2.185-0.418C14.751,3.01,14.444,3,12,3L12,3z M12,7.378 c-2.552,0-4.622,2.069-4.622,4.622S9.448,16.622,12,16.622s4.622-2.069,4.622-4.622S14.552,7.378,12,7.378z M12,15 c-1.657,0-3-1.343-3-3s1.343-3,3-3s3,1.343,3,3S13.657,15,12,15z M16.804,6.116c-0.596,0-1.08,0.484-1.08,1.08 s0.484,1.08,1.08,1.08c0.596,0,1.08-0.484,1.08-1.08S17.401,6.116,16.804,6.116z\"><\/path><\/svg><span class=\"wp-block-social-link-label screen-reader-text\">Instagram<\/span><\/a><\/li>\n\n<li class=\"wp-social-link wp-social-link-facebook  wp-block-social-link\"><a href=\"https:\/\/www.facebook.com\/jaysvantasy\/\" class=\"wp-block-social-link-anchor\"><svg width=\"24\" height=\"24\" viewBox=\"0 0 24 24\" version=\"1.1\" xmlns=\"http:\/\/www.w3.org\/2000\/svg\" aria-hidden=\"true\" focusable=\"false\"><path d=\"M12 2C6.5 2 2 6.5 2 12c0 5 3.7 9.1 8.4 9.9v-7H7.9V12h2.5V9.8c0-2.5 1.5-3.9 3.8-3.9 1.1 0 2.2.2 2.2.2v2.5h-1.3c-1.2 0-1.6.8-1.6 1.6V12h2.8l-.4 2.9h-2.3v7C18.3 21.1 22 17 22 12c0-5.5-4.5-10-10-10z\"><\/path><\/svg><span class=\"wp-block-social-link-label screen-reader-text\">Facebook<\/span><\/a><\/li><\/ul>\n","protected":false},"excerpt":{"rendered":"<p>Moin und willkommen bei Jay&#8217;s Vantasy. Sch\u00f6n, dass Du mich &#8220;on the road&#8221; begleitest! Im September 2022 geht der Ausbau eines Kastenwagens in die zweite Runde. Mit meinem VW Crafter &#8220;Ronja&#8221; habe ich in den letzten 16 Monaten das Leben auf den Stra\u00dfen von Europa bereits ordentlich auskosten d\u00fcrfen. Nach [&hellip;]<\/p>\n","protected":false},"author":1,"featured_media":0,"parent":191,"menu_order":0,"comment_status":"closed","ping_status":"closed","template":"","meta":{"_monsterinsights_skip_tracking":false,"_monsterinsights_sitenote_active":false,"_monsterinsights_sitenote_note":"","_monsterinsights_sitenote_category":0,"footnotes":""},"class_list":["post-156","page","type-page","status-publish","hentry"],"_links":{"self":[{"href":"https:\/\/jaysvantasy.de\/index.php?rest_route=\/wp\/v2\/pages\/156","targetHints":{"allow":["GET"]}}],"collection":[{"href":"https:\/\/jaysvantasy.de\/index.php?rest_route=\/wp\/v2\/pages"}],"about":[{"href":"https:\/\/jaysvantasy.de\/index.php?rest_route=\/wp\/v2\/types\/page"}],"author":[{"embeddable":true,"href":"https:\/\/jaysvantasy.de\/index.php?rest_route=\/wp\/v2\/users\/1"}],"replies":[{"embeddable":true,"href":"https:\/\/jaysvantasy.de\/index.php?rest_route=%2Fwp%2Fv2%2Fcomments&post=156"}],"version-history":[{"count":15,"href":"https:\/\/jaysvantasy.de\/index.php?rest_route=\/wp\/v2\/pages\/156\/revisions"}],"predecessor-version":[{"id":356,"href":"https:\/\/jaysvantasy.de\/index.php?rest_route=\/wp\/v2\/pages\/156\/revisions\/356"}],"up":[{"embeddable":true,"href":"https:\/\/jaysvantasy.de\/index.php?rest_route=\/wp\/v2\/pages\/191"}],"wp:attachment":[{"href":"https:\/\/jaysvantasy.de\/index.php?rest_route=%2Fwp%2Fv2%2Fmedia&parent=156"}],"curies":[{"name":"wp","href":"https:\/\/api.w.org\/{rel}","templated":true}]}}