{"id":188,"date":"2022-07-31T20:28:43","date_gmt":"2022-07-31T20:28:43","guid":{"rendered":"https:\/\/jaysvantasy.de\/?page_id=188"},"modified":"2022-09-05T17:01:20","modified_gmt":"2022-09-05T17:01:20","slug":"vanlife-blog-2","status":"publish","type":"page","link":"https:\/\/jaysvantasy.de\/?page_id=188","title":{"rendered":"Vanlife Blog 2.0"},"content":{"rendered":"\n<h2 class=\"has-medium-font-size wp-block-heading\">Mein Vanlife &#8211; Wie alles begann<\/h2>\n\n\n\n<p style=\"font-size:15px\">Im Februar 2021 wurde ich erstmals Besitzerin eines Kastenwagens. Ein VW Crafter (Baujahr 2007) durfte ich mein Eigen nennen.<\/p>\n\n\n\n<p style=\"font-size:15px\">Hintergrund des Kaufs war, nat\u00fcrlich&nbsp;&#8230; die Pandemie. Nach knapp einem Jahr gef\u00fchlter Gefangenschaft in der eigenen Wohnung hatte ich buchst\u00e4blich die Fresse fett \ud83d\ude00 <\/p>\n\n\n\n<p style=\"font-size:15px\">Freunde treffen war nur bedingt m\u00f6glich, ans Reisen nicht mal zu denken. Daher entschloss ich mich f\u00fcr die Erschaffung einer Grundlage, die mir den Drang nach Freiheit, trotz Pandemie, erm\u00f6glichen konnte.<\/p>\n\n\n\n<p style=\"font-size:15px\">Schon als kleines M\u00e4dchen war ich mit den Eltern und Gro\u00dfeltern Campen. Auch der weitere Lebensweg war immer wieder von Fahrzeugen gekennzeichnet, die zwar nur der Festival\u00fcbernachtung dienten, ihren Zweck aber mehr als erf\u00fcllten \ud83d\ude09 &#8220;Campingerfahrung&#8221;? &#8211; CHECK!<\/p>\n\n\n\n<p style=\"font-size:15px\">Nach dem Kauf des Crafters ging es im eisigen Februar mit dem Ausbau los. Von Rostbehandlung \u00fcber D\u00e4mmung, von Solar- und Elektroinstallation bis hin zur Deko (selbstverst\u00e4ndlich ist das sehr wichtig \ud83d\ude09 ), habe ich alles weitestgehend allein bewerkstelligt. Auch wenn sich die Recherchen zeitweise wie ein Selbststudium anf\u00fchlten, haben sich alle M\u00fchen gelohnt.<\/p>\n\n\n\n<p style=\"font-size:15px\">Nach anf\u00e4nglichen Kurztrips und Campervan-Treffen folgte im September 2021 die erste &#8220;gro\u00dfe&#8221; Tour.<\/p>\n\n\n\n<p style=\"font-size:15px\">Quer durch die Republik machte ich mich mit dem Leben auf der Stra\u00dfe bekannt, besuchte Freunde in der Schweiz, traf neue Menschen in \u00d6sterreich auf dem CVSM und reiste \u00fcber den Osten Deutschlands schlie\u00dflich zur\u00fcck nach Hildesheim, wo sich meine Homebase befand.<\/p>\n\n\n\n<p style=\"font-size:15px\"><\/p>\n\n\n\n<p style=\"font-size:15px\">Die Zeit war ein Traum, auch wenn ich w\u00e4hrenddessen arbeiten musste. &#8220;Musste&#8221; trifft es in diesem Fall allerdings nicht wirklich, ich w\u00e4hle hierf\u00fcr lieber das Wort &#8220;durfte&#8221;. Denn mein Job als Softwaretante l\u00e4sst mir (zumindest meist) den Freiraum f\u00fcr meine Remote-T\u00e4tigkeit, die ich wirklich gern erledige. <\/p>\n\n\n\n<p style=\"font-size:15px\">Zur\u00fcck in der Heimstatt galt es dann, ein paar Dinge zu kl\u00e4ren.<\/p>\n\n\n\n<p style=\"font-size:15px\">Meine Wohnung&nbsp;&#8230; viel zu gro\u00df f\u00fcr mich allein&nbsp;&#8230; der Plan f\u00fcr den Winter&nbsp;&#8230; ich wollte weg.<\/p>\n\n\n\n<p style=\"font-size:15px\">Kurzerhand vermietete ich eines meiner Zimmer an eine Studentin unter und konnte so zumindest einen Teil der Kosten sparen.<\/p>\n\n\n\n<p style=\"font-size:15px\">Und dann ging es auch schon los&nbsp;&#8230; AB IN DEN S\u00dcDEN&nbsp;&#8230;<\/p>\n\n\n\n<p><\/p>\n\n\n\n<div class=\"wp-block-buttons alignwide is-content-justification-center is-layout-flex wp-container-core-buttons-is-layout-a89b3969 wp-block-buttons-is-layout-flex\">\n<div class=\"wp-block-button has-custom-font-size has-small-font-size\"><a class=\"wp-block-button__link has-black-color has-pale-ocean-gradient-background has-text-color has-background\" style=\"border-radius:100px\"><strong>Hier kannst Du Dich \u00fcber die Fortsetzung informieren lassen<\/strong> <\/a><\/div>\n<\/div>\n\n\n\n\n\n<ul class=\"wp-block-social-links aligncenter is-style-logos-only is-layout-flex wp-block-social-links-is-layout-flex\"><li class=\"wp-social-link wp-social-link-instagram  wp-block-social-link\"><a href=\"https:\/\/www.instagram.com\/jaysvantasy\/\" class=\"wp-block-social-link-anchor\"><svg width=\"24\" height=\"24\" viewBox=\"0 0 24 24\" version=\"1.1\" xmlns=\"http:\/\/www.w3.org\/2000\/svg\" aria-hidden=\"true\" focusable=\"false\"><path d=\"M12,4.622c2.403,0,2.688,0.009,3.637,0.052c0.877,0.04,1.354,0.187,1.671,0.31c0.42,0.163,0.72,0.358,1.035,0.673 c0.315,0.315,0.51,0.615,0.673,1.035c0.123,0.317,0.27,0.794,0.31,1.671c0.043,0.949,0.052,1.234,0.052,3.637 s-0.009,2.688-0.052,3.637c-0.04,0.877-0.187,1.354-0.31,1.671c-0.163,0.42-0.358,0.72-0.673,1.035 c-0.315,0.315-0.615,0.51-1.035,0.673c-0.317,0.123-0.794,0.27-1.671,0.31c-0.949,0.043-1.233,0.052-3.637,0.052 s-2.688-0.009-3.637-0.052c-0.877-0.04-1.354-0.187-1.671-0.31c-0.42-0.163-0.72-0.358-1.035-0.673 c-0.315-0.315-0.51-0.615-0.673-1.035c-0.123-0.317-0.27-0.794-0.31-1.671C4.631,14.688,4.622,14.403,4.622,12 s0.009-2.688,0.052-3.637c0.04-0.877,0.187-1.354,0.31-1.671c0.163-0.42,0.358-0.72,0.673-1.035 c0.315-0.315,0.615-0.51,1.035-0.673c0.317-0.123,0.794-0.27,1.671-0.31C9.312,4.631,9.597,4.622,12,4.622 M12,3 C9.556,3,9.249,3.01,8.289,3.054C7.331,3.098,6.677,3.25,6.105,3.472C5.513,3.702,5.011,4.01,4.511,4.511 c-0.5,0.5-0.808,1.002-1.038,1.594C3.25,6.677,3.098,7.331,3.054,8.289C3.01,9.249,3,9.556,3,12c0,2.444,0.01,2.751,0.054,3.711 c0.044,0.958,0.196,1.612,0.418,2.185c0.23,0.592,0.538,1.094,1.038,1.594c0.5,0.5,1.002,0.808,1.594,1.038 c0.572,0.222,1.227,0.375,2.185,0.418C9.249,20.99,9.556,21,12,21s2.751-0.01,3.711-0.054c0.958-0.044,1.612-0.196,2.185-0.418 c0.592-0.23,1.094-0.538,1.594-1.038c0.5-0.5,0.808-1.002,1.038-1.594c0.222-0.572,0.375-1.227,0.418-2.185 C20.99,14.751,21,14.444,21,12s-0.01-2.751-0.054-3.711c-0.044-0.958-0.196-1.612-0.418-2.185c-0.23-0.592-0.538-1.094-1.038-1.594 c-0.5-0.5-1.002-0.808-1.594-1.038c-0.572-0.222-1.227-0.375-2.185-0.418C14.751,3.01,14.444,3,12,3L12,3z M12,7.378 c-2.552,0-4.622,2.069-4.622,4.622S9.448,16.622,12,16.622s4.622-2.069,4.622-4.622S14.552,7.378,12,7.378z M12,15 c-1.657,0-3-1.343-3-3s1.343-3,3-3s3,1.343,3,3S13.657,15,12,15z M16.804,6.116c-0.596,0-1.08,0.484-1.08,1.08 s0.484,1.08,1.08,1.08c0.596,0,1.08-0.484,1.08-1.08S17.401,6.116,16.804,6.116z\"><\/path><\/svg><span class=\"wp-block-social-link-label screen-reader-text\">Instagram<\/span><\/a><\/li>\n\n<li class=\"wp-social-link wp-social-link-facebook  wp-block-social-link\"><a href=\"https:\/\/www.facebook.com\/jaysvantasy\/\" class=\"wp-block-social-link-anchor\"><svg width=\"24\" height=\"24\" viewBox=\"0 0 24 24\" version=\"1.1\" xmlns=\"http:\/\/www.w3.org\/2000\/svg\" aria-hidden=\"true\" focusable=\"false\"><path d=\"M12 2C6.5 2 2 6.5 2 12c0 5 3.7 9.1 8.4 9.9v-7H7.9V12h2.5V9.8c0-2.5 1.5-3.9 3.8-3.9 1.1 0 2.2.2 2.2.2v2.5h-1.3c-1.2 0-1.6.8-1.6 1.6V12h2.8l-.4 2.9h-2.3v7C18.3 21.1 22 17 22 12c0-5.5-4.5-10-10-10z\"><\/path><\/svg><span class=\"wp-block-social-link-label screen-reader-text\">Facebook<\/span><\/a><\/li><\/ul>\n","protected":false},"excerpt":{"rendered":"<p>Mein Vanlife &#8211; Wie alles begann Im Februar 2021 wurde ich erstmals Besitzerin eines Kastenwagens. Ein VW Crafter (Baujahr 2007) durfte ich mein Eigen nennen. Hintergrund des Kaufs war, nat\u00fcrlich&nbsp;&#8230; die Pandemie. Nach knapp einem Jahr gef\u00fchlter Gefangenschaft in der eigenen Wohnung hatte ich buchst\u00e4blich die Fresse fett \ud83d\ude00 Freunde [&hellip;]<\/p>\n","protected":false},"author":1,"featured_media":0,"parent":0,"menu_order":0,"comment_status":"closed","ping_status":"closed","template":"","meta":{"_monsterinsights_skip_tracking":false,"_monsterinsights_sitenote_active":false,"_monsterinsights_sitenote_note":"","_monsterinsights_sitenote_category":0,"footnotes":""},"class_list":["post-188","page","type-page","status-publish","hentry"],"_links":{"self":[{"href":"https:\/\/jaysvantasy.de\/index.php?rest_route=\/wp\/v2\/pages\/188","targetHints":{"allow":["GET"]}}],"collection":[{"href":"https:\/\/jaysvantasy.de\/index.php?rest_route=\/wp\/v2\/pages"}],"about":[{"href":"https:\/\/jaysvantasy.de\/index.php?rest_route=\/wp\/v2\/types\/page"}],"author":[{"embeddable":true,"href":"https:\/\/jaysvantasy.de\/index.php?rest_route=\/wp\/v2\/users\/1"}],"replies":[{"embeddable":true,"href":"https:\/\/jaysvantasy.de\/index.php?rest_route=%2Fwp%2Fv2%2Fcomments&post=188"}],"version-history":[{"count":16,"href":"https:\/\/jaysvantasy.de\/index.php?rest_route=\/wp\/v2\/pages\/188\/revisions"}],"predecessor-version":[{"id":369,"href":"https:\/\/jaysvantasy.de\/index.php?rest_route=\/wp\/v2\/pages\/188\/revisions\/369"}],"wp:attachment":[{"href":"https:\/\/jaysvantasy.de\/index.php?rest_route=%2Fwp%2Fv2%2Fmedia&parent=188"}],"curies":[{"name":"wp","href":"https:\/\/api.w.org\/{rel}","templated":true}]}}